{"id":28,"date":"2018-12-30T07:21:48","date_gmt":"2018-12-30T07:21:48","guid":{"rendered":"https:\/\/agency.oceanwp.org\/?page_id=28"},"modified":"2026-02-09T14:17:24","modified_gmt":"2026-02-09T13:17:24","slug":"about","status":"publish","type":"page","link":"https:\/\/dzacs.com\/tr\/about\/","title":{"rendered":"Biz Kimiz"},"content":{"rendered":"<div data-elementor-type=\"wp-post\" data-elementor-id=\"28\" class=\"elementor elementor-28\">\n\t\t\t\t\t\t<section class=\"elementor-section elementor-top-section elementor-element elementor-element-2be26f6c elementor-section-boxed elementor-section-height-default elementor-section-height-default\" data-id=\"2be26f6c\" data-element_type=\"section\" data-e-type=\"section\">\n\t\t\t\t\t\t<div class=\"elementor-container elementor-column-gap-default\">\n\t\t\t\t\t<div class=\"elementor-column elementor-col-50 elementor-top-column elementor-element elementor-element-5c0d869e\" data-id=\"5c0d869e\" data-element_type=\"column\" data-e-type=\"column\">\n\t\t\t<div class=\"elementor-widget-wrap elementor-element-populated\">\n\t\t\t\t\t\t<div class=\"elementor-element elementor-element-3da88ed elementor-widget-divider--view-line elementor-widget elementor-widget-divider\" data-id=\"3da88ed\" data-element_type=\"widget\" data-e-type=\"widget\" data-widget_type=\"divider.default\">\n\t\t\t\t<div class=\"elementor-widget-container\">\n\t\t\t\t\t\t\t<div class=\"elementor-divider\">\n\t\t\t<span class=\"elementor-divider-separator\">\n\t\t\t\t\t\t<\/span>\n\t\t<\/div>\n\t\t\t\t\t\t<\/div>\n\t\t\t\t<\/div>\n\t\t\t\t<div class=\"elementor-element elementor-element-14e8f298 elementor-widget elementor-widget-heading\" data-id=\"14e8f298\" data-element_type=\"widget\" data-e-type=\"widget\" data-widget_type=\"heading.default\">\n\t\t\t\t<div class=\"elementor-widget-container\">\n\t\t\t\t\t<h2 class=\"elementor-heading-title elementor-size-default\">Bizim Hikayemiz<\/h2>\t\t\t\t<\/div>\n\t\t\t\t<\/div>\n\t\t\t\t<div class=\"elementor-element elementor-element-35bf89dc elementor-widget elementor-widget-text-editor\" data-id=\"35bf89dc\" data-element_type=\"widget\" data-e-type=\"widget\" data-widget_type=\"text-editor.default\">\n\t\t\t\t<div class=\"elementor-widget-container\">\n\t\t\t\t\t\t\t\t\t<p>Neden ba\u015flad\u0131k?<\/p>\t\t\t\t\t\t\t\t<\/div>\n\t\t\t\t<\/div>\n\t\t\t\t\t<\/div>\n\t\t<\/div>\n\t\t\t\t<div class=\"elementor-column elementor-col-50 elementor-top-column elementor-element elementor-element-2971699a\" data-id=\"2971699a\" data-element_type=\"column\" data-e-type=\"column\">\n\t\t\t<div class=\"elementor-widget-wrap elementor-element-populated\">\n\t\t\t\t\t\t<div class=\"elementor-element elementor-element-29976931 elementor-widget elementor-widget-text-editor\" data-id=\"29976931\" data-element_type=\"widget\" data-e-type=\"widget\" data-widget_type=\"text-editor.default\">\n\t\t\t\t<div class=\"elementor-widget-container\">\n\t\t\t\t\t\t\t\t\t<p>Finans uzmanlar\u0131, bankac\u0131l\u0131k uzmanlar\u0131, hukuk dan\u0131\u015fmanlar\u0131 ve avukatlar da dahil olmak \u00fczere bor\u00e7 tahsilat\u0131 d\u00fcnyas\u0131yla ilgili \u00e7e\u015fitli alanlarda profesyonellerden olu\u015fan bir ekibiz.<\/p><p>Bir bor\u00e7 tahsilat ajans\u0131 kurma fikri, ithalat hacminin s\u00fcrekli artt\u0131\u011f\u0131n\u0131 ve Cezayir pazar\u0131nda ticari bor\u00e7 tahsilat\u0131 konusunda uzmanla\u015fman\u0131n neredeyse hi\u00e7 olmad\u0131\u011f\u0131n\u0131 fark etti\u011fimiz 2013 y\u0131l\u0131na dayan\u0131yor; o zamana kadar avukatlar\u0131n hakim oldu\u011fu bu pazarda, yasal i\u015flemlerin yava\u015fl\u0131\u011f\u0131na ek olarak, yasal i\u015flem ba\u015flatmak \u00e7o\u011fu durumda bor\u00e7lular taraf\u0131ndan yanl\u0131\u015f yorumland\u0131\u011f\u0131ndan, her \u015feyden \u00f6nce ihracat\u00e7\u0131lar\u0131n ticari ili\u015fkileri i\u00e7in do\u011frudan bir tehdit olu\u015fturuyordu. Bor\u00e7 \u00f6denene kadar m\u00fczakere ve takibe dayal\u0131, tamamen ticari ve yasal olmayan bir alacak tahsilat\u0131 kavram\u0131n\u0131 ortaya koyduk.<\/p><p>Y\u0131llar i\u00e7inde, bir\u00e7ok tan\u0131nm\u0131\u015f uluslararas\u0131 kredi sigortac\u0131s\u0131n\u0131n, uluslararas\u0131 bor\u00e7 tahsilat kurumlar\u0131n\u0131n ve daha s\u0131kl\u0131kla ihracat\u00e7\u0131lar\u0131n kendilerinin tercih edilen orta\u011f\u0131 olarak kendimizi kan\u0131tlad\u0131k,\u00a0<\/p><p>\u00a0<\/p>\t\t\t\t\t\t\t\t<\/div>\n\t\t\t\t<\/div>\n\t\t\t\t\t<\/div>\n\t\t<\/div>\n\t\t\t\t\t<\/div>\n\t\t<\/section>\n\t\t\t\t<section class=\"elementor-section elementor-top-section elementor-element elementor-element-5d12159 elementor-section-boxed elementor-section-height-default elementor-section-height-default\" data-id=\"5d12159\" data-element_type=\"section\" data-e-type=\"section\">\n\t\t\t\t\t\t<div class=\"elementor-container elementor-column-gap-wider\">\n\t\t\t\t\t<div class=\"elementor-column elementor-col-100 elementor-top-column elementor-element elementor-element-975f9f0\" data-id=\"975f9f0\" data-element_type=\"column\" data-e-type=\"column\">\n\t\t\t<div class=\"elementor-widget-wrap elementor-element-populated\">\n\t\t\t\t\t\t<div class=\"elementor-element elementor-element-c7c0321 elementor-widget elementor-widget-heading\" data-id=\"c7c0321\" data-element_type=\"widget\" data-e-type=\"widget\" data-widget_type=\"heading.default\">\n\t\t\t\t<div class=\"elementor-widget-container\">\n\t\t\t\t\t<h2 class=\"elementor-heading-title elementor-size-default\">Memberships and Partnerships<\/h2>\t\t\t\t<\/div>\n\t\t\t\t<\/div>\n\t\t\t\t<div class=\"elementor-element elementor-element-dfc9911 oew-divider-center elementor-widget elementor-widget-oew-divider\" data-id=\"dfc9911\" data-element_type=\"widget\" data-e-type=\"widget\" data-widget_type=\"oew-divider.default\">\n\t\t\t\t<div class=\"elementor-widget-container\">\n\t\t\t\t\t\n\t\t<div class=\"oew-divider-wrap\">\n\t\t\t<div class=\"oew-divider oew-divider-before\"><\/div>\n\t\t\t<div class=\"oew-divider-middle\">\n\t\t\t\t<i aria-hidden=\"true\" class=\"fas fa-star\"><\/i>\t\t\t<\/div>\n\t\t\t<div class=\"oew-divider oew-divider-after\"><\/div>\n\t\t<\/div>\n\n\t\t\t\t\t\t<\/div>\n\t\t\t\t<\/div>\n\t\t\t\t<section class=\"elementor-section elementor-inner-section elementor-element elementor-element-b989d94 elementor-section-boxed elementor-section-height-default elementor-section-height-default\" data-id=\"b989d94\" data-element_type=\"section\" data-e-type=\"section\">\n\t\t\t\t\t\t<div class=\"elementor-container elementor-column-gap-default\">\n\t\t\t\t\t<div class=\"elementor-column elementor-col-50 elementor-inner-column elementor-element elementor-element-20f6f68\" data-id=\"20f6f68\" data-element_type=\"column\" data-e-type=\"column\">\n\t\t\t<div class=\"elementor-widget-wrap elementor-element-populated\">\n\t\t\t\t\t\t<div class=\"elementor-element elementor-element-a684ae6 elementor-widget elementor-widget-image\" data-id=\"a684ae6\" data-element_type=\"widget\" data-e-type=\"widget\" data-widget_type=\"image.default\">\n\t\t\t\t<div class=\"elementor-widget-container\">\n\t\t\t\t\t\t\t\t\t\t\t\t\t\t\t\t<a href=\"https:\/\/members.commercialcollector.com\/directory\/Details\/algeria-collection-services-eurl-2210790\" target=\"_blank\" rel=\"noopener\">\n\t\t\t\t\t\t\t<img decoding=\"async\" width=\"172\" height=\"146\" src=\"https:\/\/dzacs.com\/wp-content\/uploads\/2026\/02\/iacc-LOGO.jpg\" class=\"attachment-large size-large wp-image-2307\" alt=\"\" srcset=\"https:\/\/dzacs.com\/wp-content\/uploads\/2026\/02\/iacc-LOGO.jpg.webp 172w, https:\/\/dzacs.com\/wp-content\/uploads\/2026\/02\/iacc-LOGO-14x12.jpg.webp 14w\" sizes=\"(max-width: 172px) 100vw, 172px\" \/>\t\t\t\t\t\t\t\t<\/a>\n\t\t\t\t\t\t\t\t\t\t\t\t\t\t\t<\/div>\n\t\t\t\t<\/div>\n\t\t\t\t<div class=\"elementor-element elementor-element-92d7695 elementor-widget elementor-widget-heading\" data-id=\"92d7695\" data-element_type=\"widget\" data-e-type=\"widget\" data-widget_type=\"heading.default\">\n\t\t\t\t<div class=\"elementor-widget-container\">\n\t\t\t\t\t<h2 class=\"elementor-heading-title elementor-size-default\"><span style=\"font-family: Raleway, sans-serif;font-size: 16px;font-style: normal;font-weight: 800;letter-spacing: 0.6px;text-align: center\">Uluslararas\u0131 Ticari Tahsilat Acenteleri Birli\u011fi IACC<\/span><span style=\"font-family: Raleway, sans-serif;font-size: 16px;font-style: normal;font-weight: 800;letter-spacing: 0.6px;text-align: center\"><\/span><\/h2>\t\t\t\t<\/div>\n\t\t\t\t<\/div>\n\t\t\t\t<div class=\"elementor-element elementor-element-9c24d43 elementor-widget elementor-widget-text-editor\" data-id=\"9c24d43\" data-element_type=\"widget\" data-e-type=\"widget\" data-widget_type=\"text-editor.default\">\n\t\t\t\t<div class=\"elementor-widget-container\">\n\t\t\t\t\t\t\t\t\t<p><span style=\"font-size: 16px;\">Uluslararas\u0131 Ticari Tahsilat\u00e7\u0131lar Birli\u011fi IACC'nin gururlu bir \u00fcyesiyiz. Bu birlik 1970 y\u0131l\u0131ndan beri varl\u0131\u011f\u0131n\u0131 s\u00fcrd\u00fcrmekte ve d\u00fcnyan\u0131n en tan\u0131nm\u0131\u015f tahsilat ajanslar\u0131n\u0131 ve kredi y\u00f6netimi profesyonellerini bir araya getirmektedir.<br \/><\/span><\/p><p>Click<a href=\"https:\/\/members.commercialcollector.com\/directory\/Details\/algeria-collection-services-eurl-2210790\" target=\"_blank\" rel=\"noopener\"><strong> here<\/strong><\/a> to view our membership.<\/p>\t\t\t\t\t\t\t\t<\/div>\n\t\t\t\t<\/div>\n\t\t\t\t\t<\/div>\n\t\t<\/div>\n\t\t\t\t<div class=\"elementor-column elementor-col-50 elementor-inner-column elementor-element elementor-element-c0cc586\" data-id=\"c0cc586\" data-element_type=\"column\" data-e-type=\"column\">\n\t\t\t<div class=\"elementor-widget-wrap elementor-element-populated\">\n\t\t\t\t\t\t<div class=\"elementor-element elementor-element-9a6115c elementor-widget elementor-widget-image\" data-id=\"9a6115c\" data-element_type=\"widget\" data-e-type=\"widget\" data-widget_type=\"image.default\">\n\t\t\t\t<div class=\"elementor-widget-container\">\n\t\t\t\t\t\t\t\t\t\t\t\t\t\t\t\t<a href=\"https:\/\/www.goodfirms.co\/company\/algeria-collection-services-eurl\" target=\"_blank\" rel=\"noopener\">\n\t\t\t\t\t\t\t<img decoding=\"async\" width=\"150\" height=\"150\" src=\"https:\/\/dzacs.com\/wp-content\/uploads\/2026\/02\/gf-light-320x320-1-150x150.png\" class=\"attachment-thumbnail size-thumbnail wp-image-2323\" alt=\"\" srcset=\"https:\/\/dzacs.com\/wp-content\/uploads\/2026\/02\/gf-light-320x320-1-150x150.png.webp 150w, https:\/\/dzacs.com\/wp-content\/uploads\/2026\/02\/gf-light-320x320-1-300x300.png.webp 300w, https:\/\/dzacs.com\/wp-content\/uploads\/2026\/02\/gf-light-320x320-1-12x12.png.webp 12w, https:\/\/dzacs.com\/wp-content\/uploads\/2026\/02\/gf-light-320x320-1.png.webp 320w\" sizes=\"(max-width: 150px) 100vw, 150px\" \/>\t\t\t\t\t\t\t\t<\/a>\n\t\t\t\t\t\t\t\t\t\t\t\t\t\t\t<\/div>\n\t\t\t\t<\/div>\n\t\t\t\t<div class=\"elementor-element elementor-element-88c3991 elementor-widget elementor-widget-heading\" data-id=\"88c3991\" data-element_type=\"widget\" data-e-type=\"widget\" data-widget_type=\"heading.default\">\n\t\t\t\t<div class=\"elementor-widget-container\">\n\t\t\t\t\t<h2 class=\"elementor-heading-title elementor-size-default\"><span style=\"font-family: Raleway, sans-serif;font-size: 16px;font-style: normal;font-weight: 800;letter-spacing: 0.6px;text-align: center\">            Goodfirms service partner for debt collection services in Algeria <\/span><\/h2>\t\t\t\t<\/div>\n\t\t\t\t<\/div>\n\t\t\t\t<div class=\"elementor-element elementor-element-86165ca elementor-widget elementor-widget-text-editor\" data-id=\"86165ca\" data-element_type=\"widget\" data-e-type=\"widget\" data-widget_type=\"text-editor.default\">\n\t\t\t\t<div class=\"elementor-widget-container\">\n\t\t\t\t\t\t\t\t\t<p><span style=\"font-size: 16px;\">We are an officially designated partner on the globally recognized <a href=\"http:\/\/www.goodfirms.co\" target=\"_blank\" rel=\"noopener\"><strong>GoodFirms<\/strong><\/a> platform, providing specialized amicable and judicial debt collection services in Algeria for international creditors and exporters.<br \/>Click <a href=\"https:\/\/www.goodfirms.co\/company\/algeria-collection-services-eurl\" target=\"_blank\" rel=\"noopener\"><strong>here<\/strong><\/a> to see our page.<\/span><\/p>\t\t\t\t\t\t\t\t<\/div>\n\t\t\t\t<\/div>\n\t\t\t\t\t<\/div>\n\t\t<\/div>\n\t\t\t\t\t<\/div>\n\t\t<\/section>\n\t\t\t\t<section class=\"elementor-section elementor-inner-section elementor-element elementor-element-f0dd6f3 elementor-section-height-min-height elementor-section-content-middle elementor-section-boxed elementor-section-height-default\" data-id=\"f0dd6f3\" data-element_type=\"section\" data-e-type=\"section\">\n\t\t\t\t\t\t<div class=\"elementor-container elementor-column-gap-default\">\n\t\t\t\t\t<div class=\"elementor-column elementor-col-50 elementor-inner-column elementor-element elementor-element-8f56d34\" data-id=\"8f56d34\" data-element_type=\"column\" data-e-type=\"column\">\n\t\t\t<div class=\"elementor-widget-wrap elementor-element-populated\">\n\t\t\t\t\t\t<div class=\"elementor-element elementor-element-6b2caea elementor-view-default elementor-widget elementor-widget-icon\" data-id=\"6b2caea\" data-element_type=\"widget\" data-e-type=\"widget\" data-widget_type=\"icon.default\">\n\t\t\t\t<div class=\"elementor-widget-container\">\n\t\t\t\t\t\t\t<div class=\"elementor-icon-wrapper\">\n\t\t\t<div class=\"elementor-icon\">\n\t\t\t<i aria-hidden=\"true\" class=\"fas fa-globe-europe\"><\/i>\t\t\t<\/div>\n\t\t<\/div>\n\t\t\t\t\t\t<\/div>\n\t\t\t\t<\/div>\n\t\t\t\t<div class=\"elementor-element elementor-element-be058ec elementor-widget elementor-widget-heading\" data-id=\"be058ec\" data-element_type=\"widget\" data-e-type=\"widget\" data-widget_type=\"heading.default\">\n\t\t\t\t<div class=\"elementor-widget-container\">\n\t\t\t\t\t<h2 class=\"elementor-heading-title elementor-size-default\"><span style=\"font-family: Raleway, sans-serif;font-size: 16px;font-style: normal;font-weight: 800;letter-spacing: 0.6px;text-align: center\">En aktif uluslararas\u0131 bor\u00e7 tahsilat a\u011flar\u0131n\u0131n uluslararas\u0131 orta\u011f\u0131 <\/span><span style=\"font-family: Raleway, sans-serif;font-size: 16px;font-style: normal;font-weight: 800;letter-spacing: 0.6px;text-align: center\"><\/span><\/h2>\t\t\t\t<\/div>\n\t\t\t\t<\/div>\n\t\t\t\t<div class=\"elementor-element elementor-element-b326470 elementor-widget elementor-widget-text-editor\" data-id=\"b326470\" data-element_type=\"widget\" data-e-type=\"widget\" data-widget_type=\"text-editor.default\">\n\t\t\t\t<div class=\"elementor-widget-container\">\n\t\t\t\t\t\t\t\t\t<p>D\u00fcnyan\u0131n en aktif uluslararas\u0131 bor\u00e7 tahsilat kurumlar\u0131 ve ihracat sigortac\u0131lar\u0131n\u0131n \u00fc\u00e7\u00fcnc\u00fc taraf ortaklar\u0131y\u0131z.<\/p>\n<p>Kurulu\u015fumuzdan bu yana, yerel ekibimizin verimlili\u011fi ve di\u011fer Afrika \u00fclkelerindeki sa\u011flam bir ortak ve temsilci a\u011f\u0131n\u0131n kat\u0131l\u0131m\u0131 sayesinde, uluslararas\u0131 bor\u00e7 tahsilat sahnesinde tan\u0131nm\u0131\u015f bu oyuncular\u0131n tercih edilen ortaklar\u0131 haline geldik.<\/p>\t\t\t\t\t\t\t\t<\/div>\n\t\t\t\t<\/div>\n\t\t\t\t\t<\/div>\n\t\t<\/div>\n\t\t\t\t<div class=\"elementor-column elementor-col-50 elementor-inner-column elementor-element elementor-element-23f12f8\" data-id=\"23f12f8\" data-element_type=\"column\" data-e-type=\"column\">\n\t\t\t<div class=\"elementor-widget-wrap\">\n\t\t\t\t\t\t\t<\/div>\n\t\t<\/div>\n\t\t\t\t\t<\/div>\n\t\t<\/section>\n\t\t\t\t\t<\/div>\n\t\t<\/div>\n\t\t\t\t\t<\/div>\n\t\t<\/section>\n\t\t\t\t<\/div>","protected":false},"excerpt":{"rendered":"<p>Our Story Why we started it? We are a team of professionals in various fields related to the world of debt collection, including finance professionals, banking professionals, legal advisers and lawyers. The idea of setting up a debt collection agency dates back to 2013, when we realised that the volume of imports was constantly increasing, [&hellip;]<\/p>\n","protected":false},"author":1,"featured_media":0,"parent":0,"menu_order":0,"comment_status":"closed","ping_status":"closed","template":"","meta":{"ocean_post_layout":"full-screen","ocean_both_sidebars_style":"","ocean_both_sidebars_content_width":0,"ocean_both_sidebars_sidebars_width":0,"ocean_sidebar":"0","ocean_second_sidebar":"0","ocean_disable_margins":"enable","ocean_add_body_class":"","ocean_shortcode_before_top_bar":"","ocean_shortcode_after_top_bar":"","ocean_shortcode_before_header":"","ocean_shortcode_after_header":"","ocean_has_shortcode":"","ocean_shortcode_after_title":"","ocean_shortcode_before_footer_widgets":"","ocean_shortcode_after_footer_widgets":"","ocean_shortcode_before_footer_bottom":"","ocean_shortcode_after_footer_bottom":"","ocean_display_top_bar":"default","ocean_display_header":"default","ocean_header_style":"","ocean_center_header_left_menu":"0","ocean_custom_header_template":"0","ocean_custom_logo":0,"ocean_custom_retina_logo":0,"ocean_custom_logo_max_width":0,"ocean_custom_logo_tablet_max_width":0,"ocean_custom_logo_mobile_max_width":0,"ocean_custom_logo_max_height":0,"ocean_custom_logo_tablet_max_height":0,"ocean_custom_logo_mobile_max_height":0,"ocean_header_custom_menu":"0","ocean_menu_typo_font_family":"0","ocean_menu_typo_font_subset":"","ocean_menu_typo_font_size":0,"ocean_menu_typo_font_size_tablet":0,"ocean_menu_typo_font_size_mobile":0,"ocean_menu_typo_font_size_unit":"px","ocean_menu_typo_font_weight":"","ocean_menu_typo_font_weight_tablet":"","ocean_menu_typo_font_weight_mobile":"","ocean_menu_typo_transform":"","ocean_menu_typo_transform_tablet":"","ocean_menu_typo_transform_mobile":"","ocean_menu_typo_line_height":0,"ocean_menu_typo_line_height_tablet":0,"ocean_menu_typo_line_height_mobile":0,"ocean_menu_typo_line_height_unit":"","ocean_menu_typo_spacing":0,"ocean_menu_typo_spacing_tablet":0,"ocean_menu_typo_spacing_mobile":0,"ocean_menu_typo_spacing_unit":"","ocean_menu_link_color":"","ocean_menu_link_color_hover":"","ocean_menu_link_color_active":"","ocean_menu_link_background":"","ocean_menu_link_hover_background":"","ocean_menu_link_active_background":"","ocean_menu_social_links_bg":"","ocean_menu_social_hover_links_bg":"","ocean_menu_social_links_color":"","ocean_menu_social_hover_links_color":"","ocean_disable_title":"enable","ocean_disable_heading":"default","ocean_post_title":"If you have debts to collect, let us do it for you and relieve the hassle","ocean_post_subheading":"","ocean_post_title_style":"background-image","ocean_post_title_background_color":"","ocean_post_title_background":1317,"ocean_post_title_bg_image_position":"center center","ocean_post_title_bg_image_attachment":"","ocean_post_title_bg_image_repeat":"no-repeat","ocean_post_title_bg_image_size":"cover","ocean_post_title_height":0,"ocean_post_title_bg_overlay":0.5,"ocean_post_title_bg_overlay_color":"#161616","ocean_disable_breadcrumbs":"default","ocean_breadcrumbs_color":"","ocean_breadcrumbs_separator_color":"","ocean_breadcrumbs_links_color":"","ocean_breadcrumbs_links_hover_color":"","ocean_display_footer_widgets":"default","ocean_display_footer_bottom":"default","ocean_custom_footer_template":"0","osh_disable_topbar_sticky":"default","osh_disable_header_sticky":"default","osh_sticky_header_style":"default","osh_sticky_header_effect":"","osh_custom_sticky_logo":0,"osh_custom_retina_sticky_logo":0,"osh_custom_sticky_logo_height":0,"osh_background_color":"","osh_links_color":"","osh_links_hover_color":"","osh_links_active_color":"","osh_links_bg_color":"","osh_links_hover_bg_color":"","osh_links_active_bg_color":"","osh_menu_social_links_color":"","osh_menu_social_hover_links_color":"","footnotes":""},"class_list":["post-28","page","type-page","status-publish","hentry","entry"],"_links":{"self":[{"href":"https:\/\/dzacs.com\/tr\/wp-json\/wp\/v2\/pages\/28","targetHints":{"allow":["GET"]}}],"collection":[{"href":"https:\/\/dzacs.com\/tr\/wp-json\/wp\/v2\/pages"}],"about":[{"href":"https:\/\/dzacs.com\/tr\/wp-json\/wp\/v2\/types\/page"}],"author":[{"embeddable":true,"href":"https:\/\/dzacs.com\/tr\/wp-json\/wp\/v2\/users\/1"}],"replies":[{"embeddable":true,"href":"https:\/\/dzacs.com\/tr\/wp-json\/wp\/v2\/comments?post=28"}],"version-history":[{"count":193,"href":"https:\/\/dzacs.com\/tr\/wp-json\/wp\/v2\/pages\/28\/revisions"}],"predecessor-version":[{"id":2356,"href":"https:\/\/dzacs.com\/tr\/wp-json\/wp\/v2\/pages\/28\/revisions\/2356"}],"wp:attachment":[{"href":"https:\/\/dzacs.com\/tr\/wp-json\/wp\/v2\/media?parent=28"}],"curies":[{"name":"wp","href":"https:\/\/api.w.org\/{rel}","templated":true}]}}